{"id":8705,"date":"2023-03-11T21:59:12","date_gmt":"2023-03-11T20:59:12","guid":{"rendered":"https:\/\/www-test.videoclubborne.nl\/?page_id=8705"},"modified":"2023-12-14T12:16:43","modified_gmt":"2023-12-14T11:16:43","slug":"montage-2-10-decoupage-tijdverdichting","status":"publish","type":"page","link":"https:\/\/www-test.videoclubborne.nl\/?page_id=8705","title":{"rendered":"D\u00e9coupage, tijdverdichting"},"content":{"rendered":"\n<p><strong>D\u00e9coupage, tijdverdichting <a href=\"\/wp-content\/uploads\/2023\/02\/01B_0_MontageDeTechniek_Decoupage_15feb2023.pdf\" target=\"_blank\" rel=\"noopener noreferrer\">(Presentatie)<\/a><\/strong>&nbsp; &nbsp;&nbsp;<a href=\"https:\/\/www-test.videoclubborne.nl\/?page_id=6202\" target=\"_blank\" rel=\"noopener noreferrer\">(veel voorbeeldfilms)<\/a><\/p>\n<p><iframe loading=\"lazy\" src=\"\/\/www.youtube.com\/embed\/vzgHAh-KZpc\" width=\"560\" height=\"314\" allowfullscreen=\"allowfullscreen\" data-mce-fragment=\"1\"><\/iframe><\/p>\n<p style=\"text-align: justify;\"><a href=\"http:\/\/www.videoclubborne.nl\/wp-content\/uploads\/2017\/09\/MontageDeTechniek_Decoupage.jpg\"><img loading=\"lazy\" decoding=\"async\" class=\"wp-image-2605 alignright\" src=\"http:\/\/www.videoclubborne.nl\/wp-content\/uploads\/2017\/09\/MontageDeTechniek_Decoupage-300x176.jpg\" alt=\"\" width=\"277\" height=\"162\" srcset=\"https:\/\/www-test.videoclubborne.nl\/wp-content\/uploads\/2017\/09\/MontageDeTechniek_Decoupage-300x176.jpg 300w, https:\/\/www-test.videoclubborne.nl\/wp-content\/uploads\/2017\/09\/MontageDeTechniek_Decoupage-768x451.jpg 768w, https:\/\/www-test.videoclubborne.nl\/wp-content\/uploads\/2017\/09\/MontageDeTechniek_Decoupage-1024x602.jpg 1024w, https:\/\/www-test.videoclubborne.nl\/wp-content\/uploads\/2017\/09\/MontageDeTechniek_Decoupage.jpg 1195w\" sizes=\"(max-width: 277px) 100vw, 277px\" \/><\/a>Na de pauze behandelt Lau o.a. de <em>D\u00e9coupage<\/em>: het opdelen van je filmsc\u00e8ne in Totaal shots (T), Medium (M) shots en Close-ups (CU). Waarom doen we dat eigenlijk?&nbsp;Allereerst voor het op een boeiende manier <span style=\"text-decoration: underline;\">s<\/span><u>tructureren van informatie<\/u>: maak een volgorde van (T\/M\/CU) shots zodat de kijker het verhaal kan volgen (5 W\u2019s, doel, wat gebeurt er?). Ten tweede het geeft je (als maker) controle over <u>wat de kijker<\/u> w\u00e8l (geeft aandacht) of niet (geeft spanning) <u>te zien krijgt<\/u>. Tenslotte kun je daarmee je verhaal vertellen via een <u>patroon van actie-reactie<\/u>. Een voorbeeld meisje in de klas leest boek, jongentje probeert aandacht te trekken door propjes te gooien (toon de reactie van het meisje), juf ziet het (toon de reactie van de juf), etc. Hieronder een mooi voorbeeld van het effect van een goede d\u00e9coupage. Het blijkt dat ook d\u00e9coupage wel weer wat subjectief is: wat de een logisch (mooi) vindt, kan een ander weer niet logisch vinden!<\/p>\n<p style=\"text-align: justify;\"><em style=\"font-size: inherit;\">Hieronder wordt het effect van d\u00e9coupage goed gedemonstreerd: dezelfde sc\u00e8ne in de eerste minuut als \u00e9\u00e9n shot (saai!), in de tweede minuut (vanaf 1:12) &#8220;ged\u00e9coupeerd&#8221; (veel boeiender!). Bron: Haagse Amateur Filmclub.<\/em><\/p>\n<p><iframe loading=\"lazy\" src=\"\/\/player.vimeo.com\/video\/303324594?title=0&amp;amp;byline=0\" width=\"425\" height=\"350\" allowfullscreen=\"allowfullscreen\" data-mce-fragment=\"1\"><\/iframe><\/p>\n<p><iframe loading=\"lazy\" src=\"\/\/www.youtube.com\/embed\/Nx-72HJ0Y0c\" width=\"275\" height=\"154\" allowfullscreen=\"allowfullscreen\" data-mce-fragment=\"1\"><\/iframe><iframe loading=\"lazy\" src=\"\/\/www.youtube.com\/embed\/aVkUNtZQjkM\" width=\"275\" height=\"154\" allowfullscreen=\"allowfullscreen\" data-mce-fragment=\"1\"><\/iframe><\/p>\n<p>&nbsp;<\/p>\n<p><a href=\"https:\/\/www-test.videoclubborne.nl\/?attachment_id=6196\" rel=\"attachment wp-att-6196\"><img loading=\"lazy\" decoding=\"async\" class=\"alignleft  wp-image-6196\" src=\"https:\/\/www-test.videoclubborne.nl\/wp-content\/uploads\/2021\/05\/20210512_222231-300x169.jpg\" alt=\"\" width=\"184\" height=\"104\" srcset=\"https:\/\/www-test.videoclubborne.nl\/wp-content\/uploads\/2021\/05\/20210512_222231-300x169.jpg 300w, https:\/\/www-test.videoclubborne.nl\/wp-content\/uploads\/2021\/05\/20210512_222231-1024x576.jpg 1024w, https:\/\/www-test.videoclubborne.nl\/wp-content\/uploads\/2021\/05\/20210512_222231-768x432.jpg 768w, https:\/\/www-test.videoclubborne.nl\/wp-content\/uploads\/2021\/05\/20210512_222231-1536x864.jpg 1536w, https:\/\/www-test.videoclubborne.nl\/wp-content\/uploads\/2021\/05\/20210512_222231-2048x1152.jpg 2048w\" sizes=\"(max-width: 184px) 100vw, 184px\" \/><\/a><\/p>\n<p>&nbsp;<\/p>\n<p><strong>Tot slot<\/strong>: uit het boek <em>&#8220;Film maken&#8221;<\/em> (auteur<em> Roemer Lievaart<\/em>), de Inhoudelijke regels uit het hoofdstuk over d\u00e9coupage.<\/p>\n<p><a href=\"https:\/\/www-test.videoclubborne.nl\/?attachment_id=6197\" rel=\"attachment wp-att-6197\"><img loading=\"lazy\" decoding=\"async\" class=\"size-full wp-image-6197 aligncenter\" src=\"https:\/\/www-test.videoclubborne.nl\/wp-content\/uploads\/2021\/05\/20210512_223111-scaled.jpg\" alt=\"\" width=\"2560\" height=\"1440\" srcset=\"https:\/\/www-test.videoclubborne.nl\/wp-content\/uploads\/2021\/05\/20210512_223111-scaled.jpg 2560w, https:\/\/www-test.videoclubborne.nl\/wp-content\/uploads\/2021\/05\/20210512_223111-300x169.jpg 300w, https:\/\/www-test.videoclubborne.nl\/wp-content\/uploads\/2021\/05\/20210512_223111-1024x576.jpg 1024w, https:\/\/www-test.videoclubborne.nl\/wp-content\/uploads\/2021\/05\/20210512_223111-768x432.jpg 768w, https:\/\/www-test.videoclubborne.nl\/wp-content\/uploads\/2021\/05\/20210512_223111-1536x864.jpg 1536w, https:\/\/www-test.videoclubborne.nl\/wp-content\/uploads\/2021\/05\/20210512_223111-2048x1152.jpg 2048w\" sizes=\"(max-width: 2560px) 100vw, 2560px\" \/><\/a><\/p>\n<p>&nbsp;<\/p>\n<p>&nbsp;<\/p>\n","protected":false},"excerpt":{"rendered":"<p>D\u00e9coupage, tijdverdichting (Presentatie)&nbsp; &nbsp;&nbsp;(veel voorbeeldfilms) Na de pauze behandelt Lau o.a. de D\u00e9coupage: het opdelen van je filmsc\u00e8ne in Totaal shots (T), Medium (M) shots en Close-ups (CU). Waarom doen we dat eigenlijk?&nbsp;Allereerst voor het op een boeiende manier structureren van informatie: maak een volgorde van (T\/M\/CU) shots zodat de kijker het verhaal kan volgen [&hellip;]<\/p>\n","protected":false},"author":3,"featured_media":2605,"parent":0,"menu_order":0,"comment_status":"closed","ping_status":"closed","template":"","meta":{"protect_children":false,"ngg_post_thumbnail":0,"footnotes":""},"jetpack_sharing_enabled":true,"jetpack_shortlink":"https:\/\/wp.me\/PgsZ3a-2gp","_links":{"self":[{"href":"https:\/\/www-test.videoclubborne.nl\/index.php?rest_route=\/wp\/v2\/pages\/8705"}],"collection":[{"href":"https:\/\/www-test.videoclubborne.nl\/index.php?rest_route=\/wp\/v2\/pages"}],"about":[{"href":"https:\/\/www-test.videoclubborne.nl\/index.php?rest_route=\/wp\/v2\/types\/page"}],"author":[{"embeddable":true,"href":"https:\/\/www-test.videoclubborne.nl\/index.php?rest_route=\/wp\/v2\/users\/3"}],"replies":[{"embeddable":true,"href":"https:\/\/www-test.videoclubborne.nl\/index.php?rest_route=%2Fwp%2Fv2%2Fcomments&post=8705"}],"version-history":[{"count":4,"href":"https:\/\/www-test.videoclubborne.nl\/index.php?rest_route=\/wp\/v2\/pages\/8705\/revisions"}],"predecessor-version":[{"id":9565,"href":"https:\/\/www-test.videoclubborne.nl\/index.php?rest_route=\/wp\/v2\/pages\/8705\/revisions\/9565"}],"wp:featuredmedia":[{"embeddable":true,"href":"https:\/\/www-test.videoclubborne.nl\/index.php?rest_route=\/wp\/v2\/media\/2605"}],"wp:attachment":[{"href":"https:\/\/www-test.videoclubborne.nl\/index.php?rest_route=%2Fwp%2Fv2%2Fmedia&parent=8705"}],"curies":[{"name":"wp","href":"https:\/\/api.w.org\/{rel}","templated":true}]}}