{"id":7437,"date":"2021-12-19T19:03:42","date_gmt":"2021-12-19T18:03:42","guid":{"rendered":"https:\/\/www-test.videoclubborne.nl\/?page_id=7437"},"modified":"2024-02-04T18:00:48","modified_gmt":"2024-02-04T17:00:48","slug":"storytelling","status":"publish","type":"page","link":"https:\/\/www-test.videoclubborne.nl\/?page_id=7437","title":{"rendered":"Van idee tot Script\/Draaiboek"},"content":{"rendered":"<p style=\"text-align: right;\"><span style=\"font-size: 10pt; color: #0000ff;\"><em><a style=\"color: #0000ff;\" href=\"https:\/\/www-test.videoclubborne.nl\/?page_id=6476\" target=\"_blank\" rel=\"noopener\">Terug naar &#8220;VCB EXPERTISE CENTRUM&#8221;<\/a><\/em><\/span><\/p>\r\n\r\n<h2 class=\"entry-title\"><a href=\"https:\/\/www-test.videoclubborne.nl\/?page_id=190\" target=\"_blank\" rel=\"noopener noreferrer\">Een film maken \u2013 waar op letten?<\/a><\/h2>\r\n<p><em>(klik op het plaatje voor een complete handleiding . . .)<\/em><\/p>\r\n<p><strong><a href=\"https:\/\/www-test.videoclubborne.nl\/?page_id=190\" target=\"_blank\" rel=\"noopener noreferrer\"><img loading=\"lazy\" decoding=\"async\" class=\"alignleft wp-image-346 size-full\" src=\"https:\/\/www-test.videoclubborne.nl\/wp-content\/uploads\/2017\/07\/WeHaveaStoryToTell.jpg\" alt=\"\" width=\"1168\" height=\"560\" srcset=\"https:\/\/www-test.videoclubborne.nl\/wp-content\/uploads\/2017\/07\/WeHaveaStoryToTell.jpg 1168w, https:\/\/www-test.videoclubborne.nl\/wp-content\/uploads\/2017\/07\/WeHaveaStoryToTell-300x144.jpg 300w, https:\/\/www-test.videoclubborne.nl\/wp-content\/uploads\/2017\/07\/WeHaveaStoryToTell-768x368.jpg 768w, https:\/\/www-test.videoclubborne.nl\/wp-content\/uploads\/2017\/07\/WeHaveaStoryToTell-1024x491.jpg 1024w\" sizes=\"(max-width: 1168px) 100vw, 1168px\" \/><\/a><\/strong><\/p>\r\n<p>&nbsp;<\/p>\r\n<h2>(1) Interessante links<\/h2>\r\n<ul>\r\n<li style=\"text-align: left;\">(2022, Career Guide) <a href=\"https:\/\/www.indeed.com\/career-advice\/career-development\/round-character#:~:text=What%20is%20a%20round%20character,thoughts%2C%20emotions%20and%20personality%20traits\" target=\"_blank\" rel=\"noopener\">Round Characters in Fiction: Definition and Examples<\/a><\/li>\r\n<li style=\"text-align: left;\">(2022) <a href=\"https:\/\/nl.wikihow.com\/Een-korte-film-opnemen\" target=\"_blank\" rel=\"noopener noreferrer\">Wikihow &#8211; Een korte film opnemen<\/a><\/li>\r\n<\/ul>\r\n<p><span style=\"text-decoration: underline;\"><strong>De Videomakers<\/strong><\/span><\/p>\r\n<p><iframe loading=\"lazy\" src=\"\/\/www.youtube.com\/embed\/kLPpUCo2fQo\" width=\"560\" height=\"314\" allowfullscreen=\"allowfullscreen\" data-mce-fragment=\"1\"><\/iframe><\/p>\r\n<p><iframe loading=\"lazy\" src=\"\/\/www.youtube.com\/embed\/McSpXDQMV-U\" width=\"560\" height=\"314\" allowfullscreen=\"allowfullscreen\"><\/iframe><\/p>\r\n<p><iframe loading=\"lazy\" src=\"\/\/www.youtube.com\/embed\/gR38eZNWYko\" width=\"560\" height=\"314\" allowfullscreen=\"allowfullscreen\"><\/iframe><\/p>\r\n<h2>(2) Filmen en D\u00e9coupage<\/h2>\r\n<p style=\"text-align: justify;\"><strong>Voorbeeld d\u00e9coupage:<\/strong><\/p>\r\n<ul style=\"text-align: justify;\">\r\n<li><a href=\"\/wp-content\/uploads\/2021\/04\/01_Treatment_sequentie01plus09_versie05mei2015.pdf\" target=\"_blank\" rel=\"noopener noreferrer\">Treatment<\/a>&nbsp; (maar kan ook scenario\/script zijn)<\/li>\r\n<li><a href=\"\/wp-content\/uploads\/2021\/04\/02_sketches_Seq01plus09_met_ASSEN.pdf\" target=\"_blank\" rel=\"noopener noreferrer\">Plattegrond<\/a> (met personen, assen en camera-standpunten)<\/li>\r\n<li><a href=\"\/wp-content\/uploads\/2021\/04\/03_Draaiboek_Seq01plus09.pdf\" target=\"_blank\" rel=\"noopener noreferrer\">Shotlist<\/a><\/li>\r\n<\/ul>\r\n<p><em><strong>Mijn eerste film (zonder d\u00e9coupage):<\/strong><\/em><\/p>\r\n<h2><iframe loading=\"lazy\" src=\"\/\/www.youtube.com\/embed\/o_Rc1hi9rjY\" width=\"560\" height=\"314\" allowfullscreen=\"allowfullscreen\" data-mce-fragment=\"1\"><\/iframe><\/h2>\r\n<p><strong><em>VCB les (wo 28 oct 2020): D\u00e9coupage (opsplitsen in T\/M\/CU)<\/em><\/strong><\/p>\r\n<p><strong> <a href=\"https:\/\/www-test.videoclubborne.nl\/wp-content\/uploads\/2020\/10\/03_3_Decoupage_28okt2020.pdf\" target=\"_blank\" rel=\"noopener noreferrer\">(Presentatie)<\/a><\/strong>&nbsp; &nbsp; &nbsp;<strong><a href=\"http:\/\/www.videoclubborne.nl\/wp-content\/uploads\/2017\/10\/Vijf_shots_methode.pdf\" target=\"_blank\" rel=\"noopener noreferrer\">(5-Shots methode)<\/a><\/strong><\/p>\r\n<p><iframe loading=\"lazy\" src=\"\/\/www.youtube.com\/embed\/r-A0SJe-46I\" width=\"560\" height=\"314\" allowfullscreen=\"allowfullscreen\"><\/iframe><\/p>\r\n<p style=\"text-align: justify;\"><a href=\"http:\/\/www.videoclubborne.nl\/wp-content\/uploads\/2017\/10\/Praktijk_Decoupage.jpg\"><img loading=\"lazy\" decoding=\"async\" class=\"alignleft wp-image-2731\" src=\"http:\/\/www.videoclubborne.nl\/wp-content\/uploads\/2017\/10\/Praktijk_Decoupage-300x220.jpg\" alt=\"\" width=\"230\" height=\"169\" srcset=\"https:\/\/www-test.videoclubborne.nl\/wp-content\/uploads\/2017\/10\/Praktijk_Decoupage-300x220.jpg 300w, https:\/\/www-test.videoclubborne.nl\/wp-content\/uploads\/2017\/10\/Praktijk_Decoupage-768x563.jpg 768w, https:\/\/www-test.videoclubborne.nl\/wp-content\/uploads\/2017\/10\/Praktijk_Decoupage.jpg 913w\" sizes=\"(max-width: 230px) 100vw, 230px\" \/><\/a>In deze derde les van de praktijkgroep <em>Filmen voor beginners<\/em> behandelt Lau de <em>D\u00e9coupage. <\/em>Dit is&nbsp;het opdelen van je filmsc\u00e8ne in Totaal shots (T), Medium (M) shots en Close-ups (CU). We beginnen met de eerste montage van de docent (Lau), zie het filmpje. Een aardige start, maar hier mist duidelijk de d\u00e9coupage (want daar wist hij toen nog niets van). D\u00e9coupage, waarom doen we dat eigenlijk? Allereerst voor het&nbsp;<u>Structureren van informatie<\/u>: maak een volgorde van (T\/M\/CU) shots zodat de kijker het verhaal kan volgen (5 W\u2019s, doel, wat gebeurt er?). Ten tweede het geeft je (als maker) controle over&nbsp;<u>wat de kijker<\/u>&nbsp;w\u00e8l (geeft aandacht) of niet (geeft spanning)&nbsp;<u>te zien krijgt<\/u>. Tenslotte kun je daarmee je verhaal vertellen via een&nbsp;<u>patroon van actie-reactie<\/u>.&nbsp;Een voorbeeld: meisje in de klas leest boek, jongentje probeert aandacht te trekken door propjes te gooien (reactie meisje laten zien), juf ziet het (reactie juf laten zien), etc.<\/p>\r\n<p style=\"text-align: justify;\">Maar hoe pak je dat nu zelf aan? Met de uitgedeelde oefening werd dit opeens een stuk duidelijker: maak een schets (bovenaanzicht), teken de (dramatische en bewegings-) assen en bedenk een aantal camera posities (inclusief het kader: totaal, medium of close-up, zie de afbeelding). Maak hiermee vervolgens een &#8220;shotlist&#8221; en klaar is je d\u00e9coupage! Tot slot, de bijgevoegde <strong><a href=\"http:\/\/www.videoclubborne.nl\/wp-content\/uploads\/2017\/10\/Vijf_shots_methode.pdf\" target=\"_blank\" rel=\"noopener noreferrer\">&#8220;5-Shots methode&#8221;<\/a><\/strong> is ook een aardig voorbeeld van een d\u00e9coupage.<\/p>\r\n<p style=\"text-align: justify;\">Hieronder nog het resultaat van de meegegeven<em> &#8220;Decoupage&#8221;<\/em> oefening (door ons clublid Paul).<\/p>\r\n<p><iframe loading=\"lazy\" src=\"\/\/www.youtube.com\/embed\/nCFfWvvpO0g\" width=\"560\" height=\"314\" allowfullscreen=\"allowfullscreen\" data-mce-fragment=\"1\"><\/iframe><\/p>\r\n<h2>(3) Monteren en D\u00e9coupage<\/h2>\r\n<p>VCB les (wo&nbsp; 17 maart 2021): D\u00e9coupage, tijdverdichting <a href=\"\/wp-content\/uploads\/2021\/03\/Les-3-Videoclub-monteren-voor-beginners-PDF.pdf\" target=\"_blank\" rel=\"noopener noreferrer\">(Presentatie)<\/a><\/p>\r\n<p><iframe loading=\"lazy\" src=\"\/\/www.youtube.com\/embed\/vzgHAh-KZpc\" width=\"560\" height=\"314\" allowfullscreen=\"allowfullscreen\" data-mce-fragment=\"1\"><\/iframe><\/p>\r\n<p style=\"text-align: justify;\"><a href=\"http:\/\/www.videoclubborne.nl\/wp-content\/uploads\/2017\/09\/MontageDeTechniek_Decoupage.jpg\"><img loading=\"lazy\" decoding=\"async\" class=\"wp-image-2605 alignright\" src=\"http:\/\/www.videoclubborne.nl\/wp-content\/uploads\/2017\/09\/MontageDeTechniek_Decoupage-300x176.jpg\" alt=\"\" width=\"277\" height=\"162\" srcset=\"https:\/\/www-test.videoclubborne.nl\/wp-content\/uploads\/2017\/09\/MontageDeTechniek_Decoupage-300x176.jpg 300w, https:\/\/www-test.videoclubborne.nl\/wp-content\/uploads\/2017\/09\/MontageDeTechniek_Decoupage-768x451.jpg 768w, https:\/\/www-test.videoclubborne.nl\/wp-content\/uploads\/2017\/09\/MontageDeTechniek_Decoupage-1024x602.jpg 1024w, https:\/\/www-test.videoclubborne.nl\/wp-content\/uploads\/2017\/09\/MontageDeTechniek_Decoupage.jpg 1195w\" sizes=\"(max-width: 277px) 100vw, 277px\" \/><\/a>In deze derde les behandelt Mirthe o.a. de <em>D\u00e9coupage<\/em>: het opdelen van je filmsc\u00e8ne in Totaal shots (T), Medium (M) shots en Close-ups (CU). Waarom doen we dat eigenlijk?<\/p>\r\n<p style=\"text-align: justify;\">Allereerst voor het op een boeiende manier <span style=\"text-decoration: underline;\">s<\/span><u>tructureren van informatie<\/u>: maak een volgorde van (T\/M\/CU) shots zodat de kijker het verhaal kan volgen (5 W\u2019s, doel, wat gebeurt er?). Ten tweede het geeft je (als maker) controle over <u>wat de kijker<\/u> w\u00e8l (geeft aandacht) of niet (geeft spanning) <u>te zien krijgt<\/u>. Tenslotte kun je daarmee je verhaal vertellen via een <u>patroon van actie-reactie<\/u>. Een voorbeeld meisje in de klas leest boek, jongentje probeert aandacht te trekken door propjes te gooien (reactie meisje), juf ziet het (reactie juf), etc. Hieronder een mooi voorbeeld van het effect van een goede d\u00e9coupage. Het blijkt dat ook d\u00e9coupage wel weer wat subjectief is: wat de een logisch (mooi) vindt, kan een ander weer niet logisch vinden!<\/p>\r\n<p style=\"text-align: justify;\"><em style=\"font-size: inherit;\">Hieronder wordt het effect van d\u00e9coupage goed gedemonstreerd: dezelfde sc\u00e8ne in de eerste minuut als \u00e9\u00e9n shot (saai!), in de tweede minuut (vanaf 1:12) &#8220;ged\u00e9coupeerd&#8221; (veel boeiender!). Bron: Haagse Amateur Filmclub.<\/em><\/p>\r\n<p><iframe loading=\"lazy\" src=\"\/\/player.vimeo.com\/video\/303324594?title=0&amp;amp;byline=0\" width=\"425\" height=\"350\" allowfullscreen=\"allowfullscreen\" data-mce-fragment=\"1\"><\/iframe><\/p>\r\n<p>&nbsp;<\/p>\r\n<h2><strong>(4) VCB les (wo&nbsp; 12 mei 2021): D\u00e9coupage<\/strong><\/h2>\r\n<p><a href=\"https:\/\/www-test.videoclubborne.nl\/?attachment_id=6196\" rel=\"attachment wp-att-6196\"><img loading=\"lazy\" decoding=\"async\" class=\"alignleft  wp-image-6196\" src=\"https:\/\/www-test.videoclubborne.nl\/wp-content\/uploads\/2021\/05\/20210512_222231-300x169.jpg\" alt=\"\" width=\"184\" height=\"104\" srcset=\"https:\/\/www-test.videoclubborne.nl\/wp-content\/uploads\/2021\/05\/20210512_222231-300x169.jpg 300w, https:\/\/www-test.videoclubborne.nl\/wp-content\/uploads\/2021\/05\/20210512_222231-1024x576.jpg 1024w, https:\/\/www-test.videoclubborne.nl\/wp-content\/uploads\/2021\/05\/20210512_222231-768x432.jpg 768w, https:\/\/www-test.videoclubborne.nl\/wp-content\/uploads\/2021\/05\/20210512_222231-1536x864.jpg 1536w, https:\/\/www-test.videoclubborne.nl\/wp-content\/uploads\/2021\/05\/20210512_222231-2048x1152.jpg 2048w\" sizes=\"(max-width: 184px) 100vw, 184px\" \/><\/a><\/p>\r\n<p><strong>&nbsp;<\/strong><a style=\"font-size: inherit;\" href=\"\/wp-content\/uploads\/2021\/05\/03_0_MontageDeTechniek02Decoupage_12mei2021.pdf\" target=\"_blank\" rel=\"noopener noreferrer\">(presentatie)<\/a><span style=\"font-size: inherit;\">&nbsp; &nbsp;&nbsp;<\/span><a style=\"font-size: inherit;\" href=\"https:\/\/www-test.videoclubborne.nl\/?page_id=6202\" target=\"_blank\" rel=\"noopener noreferrer\">(de voorbeeldfilms)<\/a><\/p>\r\n<p>Uit het boek <em>&#8220;Film maken&#8221;<\/em> (auteur<em> Roemer Lievaart<\/em>):<\/p>\r\n<p><a href=\"https:\/\/www-test.videoclubborne.nl\/?attachment_id=6197\" rel=\"attachment wp-att-6197\"><img loading=\"lazy\" decoding=\"async\" class=\"size-full wp-image-6197 aligncenter\" src=\"https:\/\/www-test.videoclubborne.nl\/wp-content\/uploads\/2021\/05\/20210512_223111-scaled.jpg\" alt=\"\" width=\"2560\" height=\"1440\" srcset=\"https:\/\/www-test.videoclubborne.nl\/wp-content\/uploads\/2021\/05\/20210512_223111-scaled.jpg 2560w, https:\/\/www-test.videoclubborne.nl\/wp-content\/uploads\/2021\/05\/20210512_223111-300x169.jpg 300w, https:\/\/www-test.videoclubborne.nl\/wp-content\/uploads\/2021\/05\/20210512_223111-1024x576.jpg 1024w, https:\/\/www-test.videoclubborne.nl\/wp-content\/uploads\/2021\/05\/20210512_223111-768x432.jpg 768w, https:\/\/www-test.videoclubborne.nl\/wp-content\/uploads\/2021\/05\/20210512_223111-1536x864.jpg 1536w, https:\/\/www-test.videoclubborne.nl\/wp-content\/uploads\/2021\/05\/20210512_223111-2048x1152.jpg 2048w\" sizes=\"(max-width: 2560px) 100vw, 2560px\" \/><\/a><\/p>\r\n<p>Hieronder de <em>D\u00e9coupage <\/em>Film van ons clublid Peter.<\/p>\r\n<p><iframe loading=\"lazy\" src=\"\/\/www.youtube.com\/embed\/smvLtKEBdgQ\" width=\"560\" height=\"314\" allowfullscreen=\"allowfullscreen\" data-mce-fragment=\"1\"><\/iframe><\/p>\r\n","protected":false},"excerpt":{"rendered":"<p>Terug naar &#8220;VCB EXPERTISE CENTRUM&#8221; Een film maken \u2013 waar op letten? (klik op het plaatje voor een complete handleiding . . .) &nbsp; (1) Interessante links (2022, Career Guide) Round Characters in Fiction: Definition and Examples (2022) Wikihow &#8211; Een korte film opnemen De Videomakers (2) Filmen en D\u00e9coupage Voorbeeld d\u00e9coupage: Treatment&nbsp; (maar kan [&hellip;]<\/p>\n","protected":false},"author":3,"featured_media":7434,"parent":0,"menu_order":0,"comment_status":"closed","ping_status":"closed","template":"","meta":{"protect_children":false,"ngg_post_thumbnail":0,"footnotes":""},"jetpack_sharing_enabled":true,"jetpack_shortlink":"https:\/\/wp.me\/PgsZ3a-1VX","_links":{"self":[{"href":"https:\/\/www-test.videoclubborne.nl\/index.php?rest_route=\/wp\/v2\/pages\/7437"}],"collection":[{"href":"https:\/\/www-test.videoclubborne.nl\/index.php?rest_route=\/wp\/v2\/pages"}],"about":[{"href":"https:\/\/www-test.videoclubborne.nl\/index.php?rest_route=\/wp\/v2\/types\/page"}],"author":[{"embeddable":true,"href":"https:\/\/www-test.videoclubborne.nl\/index.php?rest_route=\/wp\/v2\/users\/3"}],"replies":[{"embeddable":true,"href":"https:\/\/www-test.videoclubborne.nl\/index.php?rest_route=%2Fwp%2Fv2%2Fcomments&post=7437"}],"version-history":[{"count":14,"href":"https:\/\/www-test.videoclubborne.nl\/index.php?rest_route=\/wp\/v2\/pages\/7437\/revisions"}],"predecessor-version":[{"id":9931,"href":"https:\/\/www-test.videoclubborne.nl\/index.php?rest_route=\/wp\/v2\/pages\/7437\/revisions\/9931"}],"wp:featuredmedia":[{"embeddable":true,"href":"https:\/\/www-test.videoclubborne.nl\/index.php?rest_route=\/wp\/v2\/media\/7434"}],"wp:attachment":[{"href":"https:\/\/www-test.videoclubborne.nl\/index.php?rest_route=%2Fwp%2Fv2%2Fmedia&parent=7437"}],"curies":[{"name":"wp","href":"https:\/\/api.w.org\/{rel}","templated":true}]}}