{"id":2120,"date":"2018-02-25T20:53:52","date_gmt":"2018-02-25T19:53:52","guid":{"rendered":"http:\/\/www.videoclubborne.nl\/?page_id=2120"},"modified":"2022-01-10T00:26:56","modified_gmt":"2022-01-09T23:26:56","slug":"favoriete-youtube-kanalen","status":"publish","type":"page","link":"https:\/\/www-test.videoclubborne.nl\/?page_id=2120","title":{"rendered":"Favoriete YouTube kanalen"},"content":{"rendered":"<p><iframe loading=\"lazy\" src=\"\/\/www.youtube.com\/embed\/EP0ztGrnl3Q\" width=\"560\" height=\"314\" allowfullscreen=\"allowfullscreen\"><\/iframe><\/p>\n<p>YouTube Kanaal <a href=\"https:\/\/www.youtube.com\/channel\/UCwRgEnhPpZtfVQGfW7ZKPIw\/videos?shelf_id=1&amp;sort=dd&amp;view=0\">Pavel Kupka<\/a> met bijzondere sportieve videoclips van de vrijwillige brandweer korpsen (SDH = Slu\u017eby Dobrovoln\u00e9 Hasi\u010dsk\u00e9) uit&nbsp;\u017dernovn\u00edk, Tsjechi\u00eb.<\/p>\n<p><iframe loading=\"lazy\" src=\"\/\/www.youtube.com\/embed\/YdnJrPeAch8\" width=\"560\" height=\"314\" allowfullscreen=\"allowfullscreen\"><\/iframe><\/p>\n<p style=\"text-align: justify;\">In deze video bespreekt Grietje (van&nbsp;<a href=\"http:\/\/www.devideomakers.nl\">De Videomakers<\/a>) haar favoriete Youtube kanalen voor het maken van betere films en video&#8217;s. Natuurlijk zijn er honderden, zo niet duizenden kanalen die tof zijn om te volgen! Dit is slechts het topje van de ijsberg van onze favorieten. En we ontdekken zelf ook graag steeds weer nieuwe kanalen die helpen bij het filmen en video maken. Dus, laat je ons weten wat jouw favoriete kanalen zijn? Zowel Engelstalig als Nederlandstalig is heel welkom! Een overzicht van de kanalen die worden besproken in deze video.<\/p>\n<ul>\n<li><a href=\"https:\/\/www.youtube.com\/channel\/UCsPZBhzM-15Ges3AlbtKINw\">Creator Tools<\/a><\/li>\n<li><a href=\"https:\/\/www.youtube.com\/user\/derraleves\">YouTube kanalen (Derral Eves)<\/a><\/li>\n<li><a href=\"https:\/\/www.youtube.com\/user\/VideoCreatorsTV\">YouTube kanalen (Tim Schmoyer)<\/a><\/li>\n<li><a href=\"https:\/\/www.youtube.com\/user\/videoinfluencers\">Video Influencers<\/a><\/li>\n<li><a href=\"https:\/\/www.youtube.com\/channel\/UCbvIIQc5Jo9-jIXnkPe03oA\">TravelFeels (GoPro)<\/a><\/li>\n<li><a href=\"https:\/\/www.youtube.com\/user\/petermckinnon24\">Peter McKinnon<\/a><\/li>\n<li><a href=\"https:\/\/www.youtube.com\/user\/Justthisgood\">Justin Odisho (Premiere montage, After Effects)<\/a><\/li>\n<li><a href=\"https:\/\/www.youtube.com\/user\/DigitalRevCom\">DigitalRev <\/a><\/li>\n<li><a href=\"https:\/\/www.youtube.com\/channel\/UCknMR7NOY6ZKcVbyzOxQPhw\">KaiW (veel reviews camera&#8217;s)<\/a><\/li>\n<li><a href=\"https:\/\/www.youtube.com\/channel\/UCht8qITGkBvXKsR1Byln-wA\">Creative Commons (muziek) 1\/3<\/a><\/li>\n<li><a href=\"https:\/\/www.youtube.com\/channel\/UC_aEa8K-EOJ3D6gOs7HcyNg\">Creative Commons (muziek) 2\/3<\/a><\/li>\n<li><a href=\"https:\/\/www.youtube.com\/channel\/UCYZ9rknEmE4R1J_HBJ2yBlQ\">Creative Commons (muziek) 3\/3<\/a><\/li>\n<\/ul>\n<p>Bekijk ook eens deze video&#8217;s als je begint met video maken:&nbsp;<iframe loading=\"lazy\" src=\"\/\/www.youtube.com\/embed\/xzkQuVMTTRU\" width=\"560\" height=\"314\" allowfullscreen=\"allowfullscreen\"><\/iframe><\/p>\n","protected":false},"excerpt":{"rendered":"<p>YouTube Kanaal Pavel Kupka met bijzondere sportieve videoclips van de vrijwillige brandweer korpsen (SDH = Slu\u017eby Dobrovoln\u00e9 Hasi\u010dsk\u00e9) uit&nbsp;\u017dernovn\u00edk, Tsjechi\u00eb. In deze video bespreekt Grietje (van&nbsp;De Videomakers) haar favoriete Youtube kanalen voor het maken van betere films en video&#8217;s. Natuurlijk zijn er honderden, zo niet duizenden kanalen die tof zijn om te volgen! Dit is [&hellip;]<\/p>\n","protected":false},"author":3,"featured_media":0,"parent":0,"menu_order":0,"comment_status":"closed","ping_status":"closed","template":"","meta":{"protect_children":false,"ngg_post_thumbnail":0,"footnotes":""},"jetpack_sharing_enabled":true,"jetpack_shortlink":"https:\/\/wp.me\/PgsZ3a-yc","_links":{"self":[{"href":"https:\/\/www-test.videoclubborne.nl\/index.php?rest_route=\/wp\/v2\/pages\/2120"}],"collection":[{"href":"https:\/\/www-test.videoclubborne.nl\/index.php?rest_route=\/wp\/v2\/pages"}],"about":[{"href":"https:\/\/www-test.videoclubborne.nl\/index.php?rest_route=\/wp\/v2\/types\/page"}],"author":[{"embeddable":true,"href":"https:\/\/www-test.videoclubborne.nl\/index.php?rest_route=\/wp\/v2\/users\/3"}],"replies":[{"embeddable":true,"href":"https:\/\/www-test.videoclubborne.nl\/index.php?rest_route=%2Fwp%2Fv2%2Fcomments&post=2120"}],"version-history":[{"count":9,"href":"https:\/\/www-test.videoclubborne.nl\/index.php?rest_route=\/wp\/v2\/pages\/2120\/revisions"}],"predecessor-version":[{"id":2349,"href":"https:\/\/www-test.videoclubborne.nl\/index.php?rest_route=\/wp\/v2\/pages\/2120\/revisions\/2349"}],"wp:attachment":[{"href":"https:\/\/www-test.videoclubborne.nl\/index.php?rest_route=%2Fwp%2Fv2%2Fmedia&parent=2120"}],"curies":[{"name":"wp","href":"https:\/\/api.w.org\/{rel}","templated":true}]}}