{"id":1727,"date":"2017-11-02T19:24:39","date_gmt":"2017-11-02T18:24:39","guid":{"rendered":"http:\/\/www.videoclubborne.nl\/?page_id=1727"},"modified":"2024-03-16T21:31:17","modified_gmt":"2024-03-16T20:31:17","slug":"vlogles-de-wheele","status":"publish","type":"page","link":"https:\/\/www-test.videoclubborne.nl\/?page_id=1727","title":{"rendered":"Jeugd en Jongeren"},"content":{"rendered":"<p><img loading=\"lazy\" decoding=\"async\" class=\"wp-image-8 alignleft\" src=\"https:\/\/www-test.videoclubborne.nl\/wp-content\/uploads\/2016\/07\/videotics.jpg\" alt=\"\" width=\"309\" height=\"108\"><\/p>\n<p>&nbsp;<\/p>\n<p><a href=\"https:\/\/www-test.videoclubborne.nl\/?page_id=10064\" target=\"_blank\" rel=\"noopener\"><span style=\"font-size: 18pt;\">Best of <\/span><em><strong><span style=\"font-size: 18pt;\">VIDEOTICS<\/span><\/strong><\/em><\/a><\/p>\n<p>&nbsp;<\/p>\n<p><strong>Groep 8 Musicals juni 2021<\/strong><\/p>\n<p>\u2019t Sch\u00f6ppert, Hengelo (Harry, Ren\u00e9, Hans en Fred)<\/p>\n<p><iframe loading=\"lazy\" src=\"\/\/www.youtube.com\/embed\/ixN0yM7Az6g\" allowfullscreen=\"allowfullscreen\" width=\"275\" height=\"154\"><\/iframe><iframe loading=\"lazy\" src=\"\/\/www.youtube.com\/embed\/IxLXLSARLgU\" allowfullscreen=\"allowfullscreen\" width=\"275\" height=\"154\"><\/iframe><\/p>\n<p><strong>Groep 8 Musicals juni 2020<\/strong><\/p>\n<p>&#8217;t Eimink, Hengelo (Fred, Harry en Ren\u00e9):<\/p>\n<p><iframe loading=\"lazy\" src=\"\/\/www.youtube.com\/embed\/z6nLyo36VZQ\" allowfullscreen=\"allowfullscreen\" width=\"275\" height=\"154\"><\/iframe><iframe loading=\"lazy\" src=\"\/\/www.youtube.com\/embed\/cTPgCyLKoGU\" allowfullscreen=\"allowfullscreen\" width=\"275\" height=\"154\"><\/iframe><\/p>\n<p><strong>Woensdag 22 januari 2020: vertoning De Spreekbeurt (Kulturhus Borne)<\/strong><\/p>\n<p style=\"text-align: justify;\"><a href=\"http:\/\/www.videoclubborne.nl\/?attachment_id=3950\" rel=\"attachment wp-att-3950\"><img loading=\"lazy\" decoding=\"async\" class=\"wp-image-3950 alignleft\" src=\"http:\/\/www.videoclubborne.nl\/wp-content\/uploads\/2017\/11\/20200122_112116_klein-300x169.jpg\" alt=\"\" width=\"270\" height=\"152\" srcset=\"https:\/\/www-test.videoclubborne.nl\/wp-content\/uploads\/2017\/11\/20200122_112116_klein-300x169.jpg 300w, https:\/\/www-test.videoclubborne.nl\/wp-content\/uploads\/2017\/11\/20200122_112116_klein-768x432.jpg 768w, https:\/\/www-test.videoclubborne.nl\/wp-content\/uploads\/2017\/11\/20200122_112116_klein-1024x576.jpg 1024w\" sizes=\"(max-width: 270px) 100vw, 270px\" \/><\/a><a href=\"http:\/\/www.videoclubborne.nl\/?attachment_id=3951\" rel=\"attachment wp-att-3951\"><img loading=\"lazy\" decoding=\"async\" class=\"wp-image-3951 alignnone\" src=\"http:\/\/www.videoclubborne.nl\/wp-content\/uploads\/2017\/11\/20200122_112220_klen-300x169.jpg\" alt=\"\" width=\"270\" height=\"152\" srcset=\"https:\/\/www-test.videoclubborne.nl\/wp-content\/uploads\/2017\/11\/20200122_112220_klen-300x169.jpg 300w, https:\/\/www-test.videoclubborne.nl\/wp-content\/uploads\/2017\/11\/20200122_112220_klen-768x432.jpg 768w, https:\/\/www-test.videoclubborne.nl\/wp-content\/uploads\/2017\/11\/20200122_112220_klen-1024x576.jpg 1024w\" sizes=\"(max-width: 270px) 100vw, 270px\" \/><\/a>In het kader van het programma <em>&#8220;75 jaar vrijheid&#8221;<\/em> dat het Kulturhus Borne en de Gemeente Borne (Educatie comm.) dit voorjaar organiseren hebben we nogmaals het docu-drama <strong>&#8220;De Spreekbeurt&#8221;<\/strong> vertoond. Dit maal met twee voorstellingen voor in totaal ongeveer 300&nbsp;(groepen 6, 7 en 8)&nbsp;leerlingen van de basisscholen Jan Ligthart, Beekpark, Flora en &#8217;t Iemnschelf uit de Gemeente Borne.&nbsp;De <a href=\"http:\/\/www.videoclubborne.nl\/?attachment_id=3953\" rel=\"attachment wp-att-3953\"><img loading=\"lazy\" decoding=\"async\" class=\" wp-image-3953 alignright\" src=\"http:\/\/www.videoclubborne.nl\/wp-content\/uploads\/2017\/11\/poster02-300x118.jpg\" alt=\"\" width=\"239\" height=\"94\" srcset=\"https:\/\/www-test.videoclubborne.nl\/wp-content\/uploads\/2017\/11\/poster02-300x118.jpg 300w, https:\/\/www-test.videoclubborne.nl\/wp-content\/uploads\/2017\/11\/poster02-768x302.jpg 768w, https:\/\/www-test.videoclubborne.nl\/wp-content\/uploads\/2017\/11\/poster02-1024x403.jpg 1024w, https:\/\/www-test.videoclubborne.nl\/wp-content\/uploads\/2017\/11\/poster02.jpg 1345w\" sizes=\"(max-width: 239px) 100vw, 239px\" \/><\/a>Spreekbeurt is gemaakt door drie leden van de Videoclub Borne en is ook al een aantal keren eerder succesvol vertoond, zie&nbsp;<a href=\"http:\/\/www.videoclubborne.nl\/?page_id=581\" target=\"_blank\" rel=\"noopener noreferrer\">onze website<\/a> &nbsp;(premi\u00e8re 2010).&nbsp;<\/p>\n<p style=\"text-align: justify;\"><a href=\"http:\/\/www.videoclubborne.nl\/?attachment_id=3952\" rel=\"attachment wp-att-3952\"><img loading=\"lazy\" decoding=\"async\" class=\"alignleft wp-image-3952\" src=\"http:\/\/www.videoclubborne.nl\/wp-content\/uploads\/2017\/11\/poster01-231x300.jpg\" alt=\"\" width=\"194\" height=\"252\" srcset=\"https:\/\/www-test.videoclubborne.nl\/wp-content\/uploads\/2017\/11\/poster01-231x300.jpg 231w, https:\/\/www-test.videoclubborne.nl\/wp-content\/uploads\/2017\/11\/poster01-768x998.jpg 768w, https:\/\/www-test.videoclubborne.nl\/wp-content\/uploads\/2017\/11\/poster01-788x1024.jpg 788w, https:\/\/www-test.videoclubborne.nl\/wp-content\/uploads\/2017\/11\/poster01.jpg 1393w\" sizes=\"(max-width: 194px) 100vw, 194px\" \/><\/a><\/p>\n<p>&nbsp;<\/p>\n<p style=\"text-align: justify;\">Net als bij de eerdere vertoningen in 2010, 2012 en 2018, waren (naast Lau, Hans en Gerard van de Videoclub Borne) G\u00e9 (historicus) en Annette (initiatief Stolpersteine) weer aanwezig om vragen van de kinderen te beantwoorden. Hier werd na beide voorstellingen dan ook gretig gebruik van gemaakt: er waren veel vragen, zowel over het maken van de film, over de holocaust als over de stolpersteine. Het is en blijft een prachtige en indrukwekkende film, dat blijkt wel weer!<\/p>\n<p><strong>Dinsdag 9 juli 2019: Afscheidsviering groep 8, Bonifatius, Enschede<\/strong><\/p>\n<p><a href=\"http:\/\/www.videoclubborne.nl\/?attachment_id=3523\" rel=\"attachment wp-att-3523\"><img loading=\"lazy\" decoding=\"async\" class=\"alignleft size-large wp-image-3523\" src=\"http:\/\/www.videoclubborne.nl\/wp-content\/uploads\/2017\/11\/Bonifatius-1024x377.jpg\" alt=\"\" width=\"560\" height=\"206\" srcset=\"https:\/\/www-test.videoclubborne.nl\/wp-content\/uploads\/2017\/11\/Bonifatius-1024x377.jpg 1024w, https:\/\/www-test.videoclubborne.nl\/wp-content\/uploads\/2017\/11\/Bonifatius-300x111.jpg 300w, https:\/\/www-test.videoclubborne.nl\/wp-content\/uploads\/2017\/11\/Bonifatius-768x283.jpg 768w, https:\/\/www-test.videoclubborne.nl\/wp-content\/uploads\/2017\/11\/Bonifatius.jpg 1997w\" sizes=\"(max-width: 560px) 100vw, 560px\" \/><\/a><\/p>\n<p style=\"text-align: justify;\">Op dinsdag 9 juli filmde en (daarna) monteerde onze clubleden Fred en Harry de eindmusical &#8220;Bonifatius got talent&#8221; van groep 8 van de Basisschool Bonifatius in Enschede. Zie hieronder voor een impressie.<\/p>\n<p><iframe loading=\"lazy\" src=\"\/\/www.youtube.com\/embed\/kglcaN3KEYk\" allowfullscreen=\"allowfullscreen\" width=\"275\" height=\"154\"><\/iframe><iframe loading=\"lazy\" src=\"\/\/www.youtube.com\/embed\/79FTNh7aQpc\" allowfullscreen=\"allowfullscreen\" width=\"275\" height=\"154\"><\/iframe><\/p>\n<p><strong>Vrijdag 8 februari 2019: Workshop Animatie Basisschool De Telgenkamp, Hengelo<\/strong><\/p>\n<p><strong><a href=\"http:\/\/www.videoclubborne.nl\/wp-content\/uploads\/2017\/11\/Screenshot_20190210-171622_Gallery_cropped.jpg\"><img loading=\"lazy\" decoding=\"async\" class=\"alignleft wp-image-2756\" src=\"http:\/\/www.videoclubborne.nl\/wp-content\/uploads\/2017\/11\/Screenshot_20190210-171622_Gallery_cropped-300x244.jpg\" alt=\"\" width=\"127\" height=\"103\" srcset=\"https:\/\/www-test.videoclubborne.nl\/wp-content\/uploads\/2017\/11\/Screenshot_20190210-171622_Gallery_cropped-300x244.jpg 300w, https:\/\/www-test.videoclubborne.nl\/wp-content\/uploads\/2017\/11\/Screenshot_20190210-171622_Gallery_cropped-768x626.jpg 768w, https:\/\/www-test.videoclubborne.nl\/wp-content\/uploads\/2017\/11\/Screenshot_20190210-171622_Gallery_cropped-1024x834.jpg 1024w, https:\/\/www-test.videoclubborne.nl\/wp-content\/uploads\/2017\/11\/Screenshot_20190210-171622_Gallery_cropped.jpg 1080w\" sizes=\"(max-width: 127px) 100vw, 127px\" \/><\/a><a href=\"http:\/\/www.videoclubborne.nl\/wp-content\/uploads\/2017\/11\/20190208_131513_cropped.jpg\"><img loading=\"lazy\" decoding=\"async\" class=\"alignleft wp-image-2753\" src=\"http:\/\/www.videoclubborne.nl\/wp-content\/uploads\/2017\/11\/20190208_131513_cropped-300x199.jpg\" alt=\"\" width=\"156\" height=\"103\" srcset=\"https:\/\/www-test.videoclubborne.nl\/wp-content\/uploads\/2017\/11\/20190208_131513_cropped-300x199.jpg 300w, https:\/\/www-test.videoclubborne.nl\/wp-content\/uploads\/2017\/11\/20190208_131513_cropped-768x510.jpg 768w, https:\/\/www-test.videoclubborne.nl\/wp-content\/uploads\/2017\/11\/20190208_131513_cropped-1024x680.jpg 1024w\" sizes=\"(max-width: 156px) 100vw, 156px\" \/><\/a> <a href=\"http:\/\/www.videoclubborne.nl\/wp-content\/uploads\/2017\/11\/20190208_133119_cropped.jpg\"><img loading=\"lazy\" decoding=\"async\" class=\"alignleft wp-image-2754\" src=\"http:\/\/www.videoclubborne.nl\/wp-content\/uploads\/2017\/11\/20190208_133119_cropped-209x300.jpg\" alt=\"\" width=\"72\" height=\"103\" srcset=\"https:\/\/www-test.videoclubborne.nl\/wp-content\/uploads\/2017\/11\/20190208_133119_cropped-209x300.jpg 209w, https:\/\/www-test.videoclubborne.nl\/wp-content\/uploads\/2017\/11\/20190208_133119_cropped-768x1102.jpg 768w, https:\/\/www-test.videoclubborne.nl\/wp-content\/uploads\/2017\/11\/20190208_133119_cropped-713x1024.jpg 713w\" sizes=\"(max-width: 72px) 100vw, 72px\" \/><\/a> <a href=\"http:\/\/www.videoclubborne.nl\/wp-content\/uploads\/2017\/11\/Screenshot_20190208-164410_Gallery_cropped.jpg\"><img loading=\"lazy\" decoding=\"async\" class=\"alignleft wp-image-2755\" src=\"http:\/\/www.videoclubborne.nl\/wp-content\/uploads\/2017\/11\/Screenshot_20190208-164410_Gallery_cropped-300x289.jpg\" alt=\"\" width=\"107\" height=\"103\" srcset=\"https:\/\/www-test.videoclubborne.nl\/wp-content\/uploads\/2017\/11\/Screenshot_20190208-164410_Gallery_cropped-300x289.jpg 300w, https:\/\/www-test.videoclubborne.nl\/wp-content\/uploads\/2017\/11\/Screenshot_20190208-164410_Gallery_cropped-768x740.jpg 768w, https:\/\/www-test.videoclubborne.nl\/wp-content\/uploads\/2017\/11\/Screenshot_20190208-164410_Gallery_cropped-1024x986.jpg 1024w, https:\/\/www-test.videoclubborne.nl\/wp-content\/uploads\/2017\/11\/Screenshot_20190208-164410_Gallery_cropped.jpg 1080w\" sizes=\"(max-width: 107px) 100vw, 107px\" \/><\/a> &nbsp;<\/strong><\/p>\n<p>&nbsp;<\/p>\n<p>&nbsp;<\/p>\n<p style=\"text-align: justify;\">Vandaag gaven onze drie Maatschappelijke stagiairs Stijn, Mitchel en Jarno (samen met Lau en Gerard) een workshop Animatie aan groep 7a van de basisschool De Telgenkamp in Hengelo. Na een inleiding van de drie stagiairs gingen de 21 leerlingen enthousiast aan de slag. Alle zeven groepjes hadden al een klein verhaaltje bedacht en nadat een achtergrond was gemaakt kwamen de tientallen Animate It foto&#8217;s tot leven. De effectgeluidjes en de MagiX nabewerking van Stijn en Lau maakte het geheel af. Met nog een eindpresentatie wordt tenslotte deze maatschappelijke stage afgesloten. Hieronder het resultaat van de workshop.<\/p>\n<p><iframe loading=\"lazy\" src=\"\/\/www.youtube.com\/embed\/FMkHOmn-S-8\" allowfullscreen=\"allowfullscreen\" width=\"560\" height=\"314\"><\/iframe><\/p>\n<p><strong>Vrijdag 16 november 2018: Maatschappelijke stagebeurs&nbsp;<\/strong><\/p>\n<p style=\"text-align: justify;\">Vandaag stonde<a href=\"http:\/\/www.videoclubborne.nl\/wp-content\/uploads\/2017\/11\/20181116_153316croppedkleiner.jpg\"><img loading=\"lazy\" decoding=\"async\" class=\"alignleft wp-image-2551\" src=\"http:\/\/www.videoclubborne.nl\/wp-content\/uploads\/2017\/11\/20181116_153316croppedkleiner-300x243.jpg\" alt=\"\" width=\"206\" height=\"167\" srcset=\"https:\/\/www-test.videoclubborne.nl\/wp-content\/uploads\/2017\/11\/20181116_153316croppedkleiner-300x243.jpg 300w, https:\/\/www-test.videoclubborne.nl\/wp-content\/uploads\/2017\/11\/20181116_153316croppedkleiner-768x623.jpg 768w, https:\/\/www-test.videoclubborne.nl\/wp-content\/uploads\/2017\/11\/20181116_153316croppedkleiner-1024x831.jpg 1024w\" sizes=\"(max-width: 206px) 100vw, 206px\" \/><\/a>n wij (Lau en Jan) op de &#8216;Maatschappelijke stagebeurs&#8217; bij het Twickelcollege in Borne. De tweede klas leerlingen van het Twickelcollege moeten tussen 16 november en 31 mei volgend jaar minimaal 10 uur aan een stage besteden voor een vereniging en\/of stichting in de Gemeente Borne. Met onze demofilmpjes zoals de Lipdubs hadden we veel belangstelling en circa 15 leerlingen hebben <strong><a href=\"http:\/\/www.videoclubborne.nl\/wp-content\/uploads\/2017\/11\/IMG_0193_kleiner.jpg\"><img loading=\"lazy\" decoding=\"async\" class=\"wp-image-2787 alignright\" src=\"http:\/\/www.videoclubborne.nl\/wp-content\/uploads\/2017\/11\/IMG_0193_kleiner-300x200.jpg\" alt=\"\" width=\"206\" height=\"137\" srcset=\"https:\/\/www-test.videoclubborne.nl\/wp-content\/uploads\/2017\/11\/IMG_0193_kleiner-300x200.jpg 300w, https:\/\/www-test.videoclubborne.nl\/wp-content\/uploads\/2017\/11\/IMG_0193_kleiner-768x512.jpg 768w, https:\/\/www-test.videoclubborne.nl\/wp-content\/uploads\/2017\/11\/IMG_0193_kleiner-1024x683.jpg 1024w, https:\/\/www-test.videoclubborne.nl\/wp-content\/uploads\/2017\/11\/IMG_0193_kleiner-640x430.jpg 640w\" sizes=\"(max-width: 206px) 100vw, 206px\" \/><\/a><\/strong>aangegeven een stage bij ons te willen doen. Het gaat dan om zelf een lipdub op een basisschool maken, vlogfilmpjes voor de club maken of helpen bij onze eigen cursussen. We zoeken nu nog meer begeleiders, dus als je affiniteit met jongeren en film hebt, kom ons dan helpen. Alvast een mooi succes!<\/p>\n<p><strong>Zaterdag 30 Juni 2018: Lipdub <a href=\"http:\/\/www.korhoen.nl\/\">VSO &#8217;t Korhoen<\/a>, Hengelo (Stichting Speciaal Onderwijs, Twente en Oost Gelderland).<\/strong><\/p>\n<p style=\"text-align: justify;\"><a href=\"http:\/\/www.videoclubborne.nl\/wp-content\/uploads\/2017\/11\/tKorhoen.jpg\"><img loading=\"lazy\" decoding=\"async\" class=\"alignleft wp-image-2474\" src=\"http:\/\/www.videoclubborne.nl\/wp-content\/uploads\/2017\/11\/tKorhoen-300x61.jpg\" alt=\"\" width=\"261\" height=\"53\" srcset=\"https:\/\/www-test.videoclubborne.nl\/wp-content\/uploads\/2017\/11\/tKorhoen-300x61.jpg 300w, https:\/\/www-test.videoclubborne.nl\/wp-content\/uploads\/2017\/11\/tKorhoen-768x156.jpg 768w, https:\/\/www-test.videoclubborne.nl\/wp-content\/uploads\/2017\/11\/tKorhoen-1024x208.jpg 1024w, https:\/\/www-test.videoclubborne.nl\/wp-content\/uploads\/2017\/11\/tKorhoen.jpg 1300w\" sizes=\"(max-width: 261px) 100vw, 261px\" \/><\/a>Wij (Lau en Hans) namen een Lipdub op voor de schoolverlaters van &#8217;t Korhoen. Het resultaat maakte indruk, zie de bedank mail van de docente hieronder.<\/p>\n<p style=\"text-align: justify;\"><em>Hoi Lau,&nbsp;&nbsp;<\/em><em>Super&#8230; en nog nooit gedaan voor de school&#8230;. Dat waren de meest gehoorde commentaren die we hebben meegekregen.&nbsp; Iedereen&#8230; zowel ouders als leerkrachten waren zeer onder de indruk van de Lipdub.&nbsp; Dat we dat met deze groep voor elkaar hadden gekregen! Sommige leerkrachten waren ge\u00ebmotioneerd.&nbsp; Want het was meer dan leuk en zeker een mooie aanwinst voor de school. Wij hadden zeer zeker iets waardevols achtergelaten voor de school en een zeer bijzonder afscheid voor de schoolverlaters. En alle schoolverlaters hebben een DVD meegekregen. Dus&#8230; een dikke pluim en de mooiste complimenten aan jullie voor het Filmen van deze Lipdub. Onze dank is erg groot&#8230;.!!&nbsp;&nbsp;<\/em><em>Groetjes Yvonne<\/em><\/p>\n<p><strong>Woensdag 25 april 2018: Vertoning Docu-drama De Spreekbeurt.<\/strong><\/p>\n<p style=\"text-align: justify;\"><iframe loading=\"lazy\" src=\"\/\/www.youtube.com\/embed\/AuOj-_dOf7g\" allowfullscreen=\"allowfullscreen\" width=\"560\" height=\"314\"><\/iframe>Eerder in 2010 en 2012 hebben wij onder grote belangstelling ons Docu-drama <strong><em>De Spreekbeurt<\/em><\/strong> vertoond voor de groepen 6, 7 en 8 van alle basisscholen in de Gemeente Borne, zie o.a. het artikel hieronder. Vandaag hebben we dit voor de derde maal (in de grote zaal van ons Kulturhus) herhaald voor weer circa 150 kinderen van 5 basisscholen uit de gemeente Borne.&nbsp;De film is (in 2007-2010) gemaakt door drie leden van de Videoclub Borne (Lau, Hans en Max). Net als voorgaande keren zijn zowel G\u00e9 Nijkamp (historicus) als Annette Evertzen (initiatief Stolpersteine) aanwezig om na afloop vragen te beantwoorden. Die vragen zijn er veel, blijkt wel na de vertoning. Ook de (dubbele) hoofdrolspeelster Renske was aanwezig. Tijdens de vertoning was overigens de zaal muisstil en net als voorgaande keren maakte veel indruk. De film is overigens ook onderdeel van de lesbrief <em>&#8220;Joodse geschiedenis in Borne &#8211; Erfgoedproject voor groep 7-8 van het basisonderwijs&#8221;<\/em>.<\/p>\n<p><span style=\"text-decoration: underline;\">Twentse Courant Tubantia 2012<\/span><\/p>\n<p style=\"text-align: justify;\"><a href=\"http:\/\/www.videoclubborne.nl\/wp-content\/uploads\/2017\/11\/DeSpreekbeurt.jpg\"><img loading=\"lazy\" decoding=\"async\" class=\"alignleft wp-image-2289\" src=\"http:\/\/www.videoclubborne.nl\/wp-content\/uploads\/2017\/11\/DeSpreekbeurt-300x237.jpg\" alt=\"\" width=\"244\" height=\"193\" srcset=\"https:\/\/www-test.videoclubborne.nl\/wp-content\/uploads\/2017\/11\/DeSpreekbeurt-300x237.jpg 300w, https:\/\/www-test.videoclubborne.nl\/wp-content\/uploads\/2017\/11\/DeSpreekbeurt-768x608.jpg 768w, https:\/\/www-test.videoclubborne.nl\/wp-content\/uploads\/2017\/11\/DeSpreekbeurt.jpg 930w\" sizes=\"(max-width: 244px) 100vw, 244px\" \/><\/a><em>BORNE &#8211; \u201cZijn al die mensen in de douches echt vermoord?\u201d Zomaar een van de vele vragen die basisschoolleerlingen woensdag morgen stelden na afloop van \u2018De Spreek-beurt\u2019, een educatieve film gemaakt door de Videoclub Borne (VCB). De film gaat over Renske die vanwege haar geloof wordt gepest in de klas. Ze besluit een spreekbeurt te houden en duikt samen met Bornenaar G\u00e9 Nijkamp in de geschiedenis van Borne. Nijkamp vertelt haar over de 81 joden die tijdens de Tweede Wereldoorlog in Borne zijn opgepakt en de Holocaust niet hebben overleefd.<\/em><\/p>\n<p style=\"text-align: justify;\"><em>\u201cHet is echt gebeurd\u201d, klinkt de gelaten reactie van Nils Ordelmans (10) na afloop. \u201cIk wist dat er mensen waren vermoord, maar zoveel. En dat alleen maar vanwege een ander geloof.\u201d Zijn klasgenootje Elise van Temmen (10) valt hem bij \u201cDe Duitsers hadden dit niet mogen doen omdat de joden ook niets deden. Hindoes denken misschien ook wel dat de Duitsers een gek geloof hebben, maar zij vermoorden hen toch ook niet?\u201d<\/em><\/p>\n<p><strong>Donderdag 2 november 2017: Vlogles De Wheele<\/strong><\/p>\n<p><iframe loading=\"lazy\" src=\"\/\/www.youtube.com\/embed\/lDn5olzdG-Q\" allowfullscreen=\"allowfullscreen\" width=\"270\" height=\"151\"><\/iframe><iframe loading=\"lazy\" src=\"\/\/www.youtube.com\/embed\/nDMHIbIy6m0\" allowfullscreen=\"allowfullscreen\" width=\"270\" height=\"151\"><\/iframe><\/p>\n<p style=\"text-align: justify;\">Vandaag, donderdag<a href=\"http:\/\/www.videoclubborne.nl\/wp-content\/uploads\/2017\/11\/Vlogles_Lisette.jpg\"><img loading=\"lazy\" decoding=\"async\" class=\"alignleft wp-image-1729\" src=\"http:\/\/www.videoclubborne.nl\/wp-content\/uploads\/2017\/11\/Vlogles_Lisette.jpg\" alt=\"\" width=\"186\" height=\"106\"><\/a> 2 november geeft Lisette (Applegroep van de Videoclub Borne) een korte &#8220;Vlogles&#8221; op de Bornse basisschool De Wheele. Na wat voorbeelden, eerste instructies en uitleg over de camera gaan de 6 groepjes enthousiast&nbsp; aan de slag. Het thema is iets met of op De Wheele en de kinderen duiken daarna dan ook overal op deze (toch wel grote) school op. Hieronder wat eerste impressies (ruwe opnamen). Lisette gaat de opnamen nog monteren tot echte vlog filmpjes. We zijn benieuwd!<\/p>\n<p><iframe loading=\"lazy\" src=\"\/\/www.youtube.com\/embed\/5nQUx-3jds0\" allowfullscreen=\"allowfullscreen\" width=\"560\" height=\"314\"><\/iframe><\/p>\n<p><strong>Maandag 17 juli 2017: Lipdub De Wheele<\/strong><\/p>\n<p style=\"text-align: justify;\">Afgelopen maandag 17 juli werd, na de musical op de Bornse basisschool De Wheele, deze unieke lipdub gepresenteerd. Het was een mooi afscheidscadeau van groep 8 (met hun &#8220;Time of their life&#8221;) voor alle leerkrachten van de Wheele. De opname van de lipdub (eerder op 7 juni) was een perfecte samenwerking van alle kinderen, een aantal ouders en de Videoclub Borne (Lau en Ren\u00e9). De afwerking is door Lau. Een prachtig resultaat en met meer dan 7000 views op facebook!<\/p>\n<p><iframe loading=\"lazy\" src=\"\/\/www.youtube.com\/embed\/ubxvT6mnDpQ\" allowfullscreen=\"allowfullscreen\" width=\"560\" height=\"314\"><\/iframe><\/p>\n<p><strong>Vrijdag 16 oktober 2015: Lipdub Oldhof Borne<\/strong><\/p>\n<p style=\"text-align: justify;\">De meest bekeken video van 2015 (bij RTV Borne) was zonder twijfel deze LipDub, met dank aan basisschool &#8217;t Oldhof en de VideoClub Borne.&nbsp;<\/p>\n<p style=\"text-align: justify;\"><iframe loading=\"lazy\" src=\"\/\/www.youtube.com\/embed\/DpvKhPZlwUc\" allowfullscreen=\"allowfullscreen\" width=\"560\" height=\"314\"><\/iframe><\/p>\n<div class=\"_4ua2\"><strong>2014-2015: Cupsong (When I&#8221;m gone)<\/strong><\/div>\n<div class=\"_4ua2\">Uitgevoerd door 5 groepen 8 van basisschool&nbsp;De Telgenkamp in Hengelo Ov.<\/div>\n<div><iframe loading=\"lazy\" src=\"\/\/www.youtube.com\/embed\/PD4qqaV2Z0E\" allowfullscreen=\"allowfullscreen\" width=\"560\" height=\"314\"><\/iframe><\/div>\n","protected":false},"excerpt":{"rendered":"<p>&nbsp; Best of VIDEOTICS &nbsp; Groep 8 Musicals juni 2021 \u2019t Sch\u00f6ppert, Hengelo (Harry, Ren\u00e9, Hans en Fred) Groep 8 Musicals juni 2020 &#8217;t Eimink, Hengelo (Fred, Harry en Ren\u00e9): Woensdag 22 januari 2020: vertoning De Spreekbeurt (Kulturhus Borne) In het kader van het programma &#8220;75 jaar vrijheid&#8221; dat het Kulturhus Borne en de Gemeente [&hellip;]<\/p>\n","protected":false},"author":3,"featured_media":0,"parent":0,"menu_order":0,"comment_status":"closed","ping_status":"closed","template":"","meta":{"protect_children":false,"ngg_post_thumbnail":0,"footnotes":""},"jetpack_sharing_enabled":true,"jetpack_shortlink":"https:\/\/wp.me\/PgsZ3a-rR","_links":{"self":[{"href":"https:\/\/www-test.videoclubborne.nl\/index.php?rest_route=\/wp\/v2\/pages\/1727"}],"collection":[{"href":"https:\/\/www-test.videoclubborne.nl\/index.php?rest_route=\/wp\/v2\/pages"}],"about":[{"href":"https:\/\/www-test.videoclubborne.nl\/index.php?rest_route=\/wp\/v2\/types\/page"}],"author":[{"embeddable":true,"href":"https:\/\/www-test.videoclubborne.nl\/index.php?rest_route=\/wp\/v2\/users\/3"}],"replies":[{"embeddable":true,"href":"https:\/\/www-test.videoclubborne.nl\/index.php?rest_route=%2Fwp%2Fv2%2Fcomments&post=1727"}],"version-history":[{"count":72,"href":"https:\/\/www-test.videoclubborne.nl\/index.php?rest_route=\/wp\/v2\/pages\/1727\/revisions"}],"predecessor-version":[{"id":10072,"href":"https:\/\/www-test.videoclubborne.nl\/index.php?rest_route=\/wp\/v2\/pages\/1727\/revisions\/10072"}],"wp:attachment":[{"href":"https:\/\/www-test.videoclubborne.nl\/index.php?rest_route=%2Fwp%2Fv2%2Fmedia&parent=1727"}],"curies":[{"name":"wp","href":"https:\/\/api.w.org\/{rel}","templated":true}]}}